{"id":51,"date":"2025-11-27T01:13:27","date_gmt":"2025-11-27T01:13:27","guid":{"rendered":"https:\/\/luzzci.com.pt\/?page_id=51"},"modified":"2025-11-27T01:13:27","modified_gmt":"2025-11-27T01:13:27","slug":"contact","status":"publish","type":"page","link":"https:\/\/luzzci.com.pt\/?page_id=51","title":{"rendered":"Contact"},"content":{"rendered":"\n\n\n\n\n\n\n\n\n\n\n\nEntre em Contato\n\n<p style=\"text-align: center\">Estamos aqui para ajud\u00e1-lo. Preencha o formul\u00e1rio abaixo com suas d\u00favidas ou coment\u00e1rios.<\/p>\n\n\n\n\nNew York, New York, USA\n\n\n\n\n\n\n\n\n\n\n\n\n\n\nEndere\u00e7o\n\n\n\n\n\nSiga-nos\n\n\n\n\n\n\n\n\n\n\n\n","protected":false},"excerpt":{"rendered":"","protected":false},"author":1,"featured_media":0,"parent":0,"menu_order":0,"comment_status":"closed","ping_status":"closed","template":"","meta":{"pagelayer_contact_templates":[],"_pagelayer_content":"","footnotes":""},"class_list":["post-51","page","type-page","status-publish","hentry"],"_links":{"self":[{"href":"https:\/\/luzzci.com.pt\/index.php?rest_route=\/wp\/v2\/pages\/51","targetHints":{"allow":["GET"]}}],"collection":[{"href":"https:\/\/luzzci.com.pt\/index.php?rest_route=\/wp\/v2\/pages"}],"about":[{"href":"https:\/\/luzzci.com.pt\/index.php?rest_route=\/wp\/v2\/types\/page"}],"author":[{"embeddable":true,"href":"https:\/\/luzzci.com.pt\/index.php?rest_route=\/wp\/v2\/users\/1"}],"replies":[{"embeddable":true,"href":"https:\/\/luzzci.com.pt\/index.php?rest_route=%2Fwp%2Fv2%2Fcomments&post=51"}],"version-history":[{"count":0,"href":"https:\/\/luzzci.com.pt\/index.php?rest_route=\/wp\/v2\/pages\/51\/revisions"}],"wp:attachment":[{"href":"https:\/\/luzzci.com.pt\/index.php?rest_route=%2Fwp%2Fv2%2Fmedia&parent=51"}],"curies":[{"name":"wp","href":"https:\/\/api.w.org\/{rel}","templated":true}]}}