{"id":50,"date":"2025-11-27T01:13:27","date_gmt":"2025-11-27T01:13:27","guid":{"rendered":"https:\/\/luzzci.com.pt\/?page_id=50"},"modified":"2025-11-27T01:13:27","modified_gmt":"2025-11-27T01:13:27","slug":"about","status":"publish","type":"page","link":"https:\/\/luzzci.com.pt\/?page_id=50","title":{"rendered":"About"},"content":{"rendered":"\n\n\n\n\n\n\n\n\nSobre N\u00f3s\nSobre a LUZZCI\nA LUZZCI \u00e9 mais do que uma marca; \u00e9 uma experi\u00eancia que une o melhor da moda brasileira e europeia. Nossos valores incluem autenticidade, sofistica\u00e7\u00e3o e um compromisso com a qualidade.\n\nQualidade Premium\nDesign Exclusivo\nAtendimento Personalizado\nConex\u00e3o Internacional\n\n\n\n\n\n\n\n\n\n\n\nEstat\u00edsticas\n\n\n\n\n\n\n\n\n\n\n\n\n\n\n\n\n\n\n\nConhe\u00e7a Nossa Equipe\n\nOs talentos por tr\u00e1s da LUZZCI\n\n\n\n\n\n\n\n\n\n\nDesigner de Moda\nAna Silva\n\n\n\n\n\n\n\n\n\n\n\n\n\n\n\n\n\nConsultor de Estilo\nCarlos Pereira\n\n\n\n\n\n\n\n\n\n\n\n\n\n\n\n\n\n\n\nGerente de Marketing\nMariana Alves\n\n\n\n\n\n\n\n\n\n\n\n\n\n\n\n\n\nDiretor Criativo\nFelipe Costa\n\n\n\n\n\n\n\n\n\n\n\n\n\nNossas Propostas \u00danicas de Valor\nO que nos diferencia no mercado de moda e acess\u00f3rios.\n\n\n\n\n\n\nNosso Portf\u00f3lio\n\n<p style=\"text-align: center\">Explore nossa cole\u00e7\u00e3o de trabalhos anteriores que mostram nossa expertise em moda e design.<\/p>\n\n\n\n\n\n\n\n\n\n\n\n\n\n","protected":false},"excerpt":{"rendered":"","protected":false},"author":1,"featured_media":0,"parent":0,"menu_order":0,"comment_status":"closed","ping_status":"closed","template":"","meta":{"pagelayer_contact_templates":[],"_pagelayer_content":"","footnotes":""},"class_list":["post-50","page","type-page","status-publish","hentry"],"_links":{"self":[{"href":"https:\/\/luzzci.com.pt\/index.php?rest_route=\/wp\/v2\/pages\/50","targetHints":{"allow":["GET"]}}],"collection":[{"href":"https:\/\/luzzci.com.pt\/index.php?rest_route=\/wp\/v2\/pages"}],"about":[{"href":"https:\/\/luzzci.com.pt\/index.php?rest_route=\/wp\/v2\/types\/page"}],"author":[{"embeddable":true,"href":"https:\/\/luzzci.com.pt\/index.php?rest_route=\/wp\/v2\/users\/1"}],"replies":[{"embeddable":true,"href":"https:\/\/luzzci.com.pt\/index.php?rest_route=%2Fwp%2Fv2%2Fcomments&post=50"}],"version-history":[{"count":0,"href":"https:\/\/luzzci.com.pt\/index.php?rest_route=\/wp\/v2\/pages\/50\/revisions"}],"wp:attachment":[{"href":"https:\/\/luzzci.com.pt\/index.php?rest_route=%2Fwp%2Fv2%2Fmedia&parent=50"}],"curies":[{"name":"wp","href":"https:\/\/api.w.org\/{rel}","templated":true}]}}